{"id":2039,"date":"2024-07-23T18:56:29","date_gmt":"2024-07-23T16:56:29","guid":{"rendered":"http:\/\/10.0.9.252:9000\/?page_id=2039"},"modified":"2024-10-18T18:41:52","modified_gmt":"2024-10-18T16:41:52","slug":"datenschutz","status":"publish","type":"page","link":"https:\/\/www.3it.li\/?page_id=2039","title":{"rendered":"Datenschutz"},"content":{"rendered":"\t\t<div data-elementor-type=\"wp-page\" data-elementor-id=\"2039\" class=\"elementor elementor-2039\">\n\t\t\t\t<div class=\"elementor-element elementor-element-ee84328 e-flex e-con-boxed e-con e-parent\" data-id=\"ee84328\" data-element_type=\"container\">\n\t\t\t\t\t<div class=\"e-con-inner\">\n\t\t<div class=\"elementor-element elementor-element-1506e17 e-con-full e-flex e-con e-child\" data-id=\"1506e17\" data-element_type=\"container\">\n\t\t\t\t<div class=\"elementor-element elementor-element-7d07bf7 elementor-widget elementor-widget-image\" data-id=\"7d07bf7\" data-element_type=\"widget\" data-widget_type=\"image.default\">\n\t\t\t\t<div class=\"elementor-widget-container\">\n\t\t\t\t\t\t\t\t\t\t\t\t\t\t\t<img fetchpriority=\"high\" decoding=\"async\" width=\"247\" height=\"260\" src=\"https:\/\/www.3it.li\/wp-content\/uploads\/Logo-247x260-1.png\" class=\"attachment-full size-full wp-image-2549\" alt=\"\" \/>\t\t\t\t\t\t\t\t\t\t\t\t\t\t\t<\/div>\n\t\t\t\t<\/div>\n\t\t\t\t<\/div>\n\t\t<div class=\"elementor-element elementor-element-10873e0 e-con-full e-flex e-con e-child\" data-id=\"10873e0\" data-element_type=\"container\">\n\t\t\t\t<div class=\"elementor-element elementor-element-e55c2f3 elementor-widget elementor-widget-heading\" data-id=\"e55c2f3\" data-element_type=\"widget\" data-widget_type=\"heading.default\">\n\t\t\t\t<div class=\"elementor-widget-container\">\n\t\t\t\t\t<h2 class=\"elementor-heading-title elementor-size-default\">Datenschutz<\/h2>\t\t\t\t<\/div>\n\t\t\t\t<\/div>\n\t\t\t\t<div class=\"elementor-element elementor-element-ef4e872 elementor-widget elementor-widget-heading\" data-id=\"ef4e872\" data-element_type=\"widget\" data-widget_type=\"heading.default\">\n\t\t\t\t<div class=\"elementor-widget-container\">\n\t\t\t\t\t<h2 class=\"elementor-heading-title elementor-size-default\">Datenschutzerkl\u00e4rung<\/h2>\t\t\t\t<\/div>\n\t\t\t\t<\/div>\n\t\t<div class=\"elementor-element elementor-element-60e74d7 e-con-full e-flex e-con e-child\" data-id=\"60e74d7\" data-element_type=\"container\">\n\t\t\t\t<div class=\"elementor-element elementor-element-6cb7ca0 elementor-widget elementor-widget-text-editor\" data-id=\"6cb7ca0\" data-element_type=\"widget\" data-widget_type=\"text-editor.default\">\n\t\t\t\t<div class=\"elementor-widget-container\">\n\t\t\t\t\t\t\t\t\t<p>Die\u00a0<i>Drei IT AG<\/i>\u00a0(3it) ist den Prinzipien des Schutzes personenbezogener Daten und der Datenminimierung verpflichtet (DSGVO). 3it nutzt keine Dienste zur Analyse des Verhaltens von NutzerInnen, die diese Website aufrufen (z.B. Google Analytics). Es sind keine so genannten &#8222;Social Media Plugins&#8220; wie Like-Buttons, Share-Buttons etc. in die Website von 3it eingebunden und diese stellt keine Dienste zur Verf\u00fcgung, die eine Anmeldung und somit das Anlegen eines pers\u00f6nlichen Useraccounts erfordern (etwa Diskussionsforen, gesch\u00fctzte Benutzerbereiche etc.). Wir erheben und verwenden personenbezogene Daten unserer WebnutzerInnen grunds\u00e4tzlich nur, soweit dies zur Bereitstellung einer funktionsf\u00e4higen Website dient.<\/p>\t\t\t\t\t\t\t\t<\/div>\n\t\t\t\t<\/div>\n\t\t\t\t<\/div>\n\t\t\t\t<\/div>\n\t\t<div class=\"elementor-element elementor-element-493442f e-con-full e-flex e-con e-child\" data-id=\"493442f\" data-element_type=\"container\">\n\t\t\t\t<div class=\"elementor-element elementor-element-ee7b12b elementor-widget elementor-widget-heading\" data-id=\"ee7b12b\" data-element_type=\"widget\" data-widget_type=\"heading.default\">\n\t\t\t\t<div class=\"elementor-widget-container\">\n\t\t\t\t\t<p class=\"elementor-heading-title elementor-size-default\">Name und Anschrift des Verantwortlichen<\/p>\t\t\t\t<\/div>\n\t\t\t\t<\/div>\n\t\t<div class=\"elementor-element elementor-element-4569089 e-con-full e-flex e-con e-child\" data-id=\"4569089\" data-element_type=\"container\">\n\t\t\t\t<div class=\"elementor-element elementor-element-20e3165 elementor-widget elementor-widget-text-editor\" data-id=\"20e3165\" data-element_type=\"widget\" data-widget_type=\"text-editor.default\">\n\t\t\t\t<div class=\"elementor-widget-container\">\n\t\t\t\t\t\t\t\t\t<p>Die verantwortliche Person im Sinne der Datenschutz-Grundverordnung (DSGVO) ist:<\/p><p><i>Drei IT AG<\/i><i><br \/><\/i><i>Kurt Hartmann<br \/>Gewerbeweg 15<br \/>9490 Vaduz<br \/>Liechtenstein<\/i><\/p><p><i><a class=\"mail\" title=\"Opens window for sending email\">datenschutz@3it.li<\/a><\/i><\/p>\t\t\t\t\t\t\t\t<\/div>\n\t\t\t\t<\/div>\n\t\t\t\t<\/div>\n\t\t\t\t<\/div>\n\t\t<div class=\"elementor-element elementor-element-09384f7 e-con-full e-flex e-con e-child\" data-id=\"09384f7\" data-element_type=\"container\">\n\t\t\t\t<div class=\"elementor-element elementor-element-c37a727 elementor-widget elementor-widget-heading\" data-id=\"c37a727\" data-element_type=\"widget\" data-widget_type=\"heading.default\">\n\t\t\t\t<div class=\"elementor-widget-container\">\n\t\t\t\t\t<p class=\"elementor-heading-title elementor-size-default\">Bereitstellung der Website<\/p>\t\t\t\t<\/div>\n\t\t\t\t<\/div>\n\t\t<div class=\"elementor-element elementor-element-70b0e53 e-con-full e-flex e-con e-child\" data-id=\"70b0e53\" data-element_type=\"container\">\n\t\t\t\t<div class=\"elementor-element elementor-element-4e99e50 elementor-widget elementor-widget-text-editor\" data-id=\"4e99e50\" data-element_type=\"widget\" data-widget_type=\"text-editor.default\">\n\t\t\t\t<div class=\"elementor-widget-container\">\n\t\t\t\t\t\t\t\t\t<p><b>Beschreibung und Umfang der Datenverarbeitung<\/b><\/p><p>Bei jedem Aufruf unserer Website erfasst unser System automatisiert die IP-Adresse des aufrufenden Ger\u00e4ts sowie Datum und Uhrzeit des Zugriffs<\/p><p>Diese Daten werden ebenfalls in den Logfiles unseres Systems gespeichert. Eine Speicherung dieser Daten zusammen mit anderen personenbezogenen Daten des Nutzers findet nicht statt.<\/p><p><b>Rechtsgrundlage und Zweck und der Datenverarbeitung<\/b><\/p><p>Rechtsgrundlage f\u00fcr die Verarbeitung der Daten und deren vor\u00fcbergehende Speicherung in Logfiles ist Art.\u00a06 Abs.\u00a01 lit.\u00a0f DSGVO.<\/p><p>Die vor\u00fcbergehende Speicherung der IP-Adresse durch das System ist notwendig, um eine Auslieferung der Website an den Rechner des Nutzers zu erm\u00f6glichen. Hierf\u00fcr muss die IP-Adresse des aufrufenden Ger\u00e4ts f\u00fcr die Dauer der Sitzung gespeichert bleiben.<\/p><p>Die Speicherung in Logfiles erfolgt, um die Funktionsf\u00e4higkeit der Website sicherzustellen. Zudem dienen uns die Daten zur Optimierung der Website und zur Sicherstellung der Sicherheit unserer informationstechnischen Systeme. Eine Auswertung der Daten zu Marketingzwecken findet in diesem Zusammenhang nicht statt.<\/p><p>In diesen Zwecken liegt auch unser berechtigtes Interesse an der Datenverarbeitung nach Art.\u00a06 Abs.\u00a01 lit.\u00a0f DSGVO.<\/p><p><b>Dauer der Speicherung<\/b><\/p><p>Die Daten werden gel\u00f6scht, sobald sie f\u00fcr die Erreichung des Zweckes ihrer Erhebung nicht mehr erforderlich sind. Bei der Erfassung der Daten zur Bereitstellung der Website ist dies dann der Fall, wenn die jeweilige Sitzung beendet ist.<\/p><p>Bei der Speicherung der Daten in Logfiles ist dies nach sp\u00e4testens 30 Tagen der Fall.<\/p><p><b>Widerspruchs- und Beseitigungsm\u00f6glichkeit<\/b><\/p><p>Die Erfassung der Daten zur Bereitstellung der Website und die Speicherung der Daten in Logfiles ist f\u00fcr den Betrieb der Internetseite zwingend erforderlich. Es bestehen somit zwingende schutzw\u00fcrdige Gr\u00fcnde f\u00fcr die Verarbeitung, die einem Widerspruch entgegenstehen.<\/p>\t\t\t\t\t\t\t\t<\/div>\n\t\t\t\t<\/div>\n\t\t\t\t<\/div>\n\t\t\t\t<\/div>\n\t\t<div class=\"elementor-element elementor-element-28be65d e-con-full e-flex e-con e-child\" data-id=\"28be65d\" data-element_type=\"container\">\n\t\t\t\t<div class=\"elementor-element elementor-element-3784895 elementor-widget elementor-widget-heading\" data-id=\"3784895\" data-element_type=\"widget\" data-widget_type=\"heading.default\">\n\t\t\t\t<div class=\"elementor-widget-container\">\n\t\t\t\t\t<p class=\"elementor-heading-title elementor-size-default\">Verwendung von Cookies<\/p>\t\t\t\t<\/div>\n\t\t\t\t<\/div>\n\t\t<div class=\"elementor-element elementor-element-fe5c424 e-con-full e-flex e-con e-child\" data-id=\"fe5c424\" data-element_type=\"container\">\n\t\t\t\t<div class=\"elementor-element elementor-element-33fd658 elementor-widget elementor-widget-text-editor\" data-id=\"33fd658\" data-element_type=\"widget\" data-widget_type=\"text-editor.default\">\n\t\t\t\t<div class=\"elementor-widget-container\">\n\t\t\t\t\t\t\t\t\t<p><b>Beschreibung und Umfang der Datenverarbeitung<\/b><\/p><p>Unsere Webseite verwendet Cookies. Bei Cookies handelt es sich um Textdateien, die im Internetbrowser bzw. vom Internetbrowser auf dem Computersystem des Nutzers gespeichert werden. Ruft ein Nutzer eine Website auf, so kann ein Cookie auf dem System des Nutzers gespeichert werden. Dieser Cookie enth\u00e4lt eine charakteristische Zeichenfolge, die eine eindeutige Identifizierung des Browsers beim erneuten Aufrufen der Website erm\u00f6glicht.<\/p><p>Wir verwenden keine Cookies.<\/p><p>Rechtsgrundlage und Zweck f\u00fcr die Datenverarbeitung<\/p><p>Die Rechtsgrundlage f\u00fcr die Verarbeitung personenbezogener Daten bei der Verwendung von Cookies ist Art.\u00a06 Abs.\u00a01 lit.\u00a0f DSGVO.<\/p><p>Der Zweck der Verwendung technisch notwendiger Cookies ist, die Nutzung von Websites f\u00fcr die Nutzer zu vereinfachen. Einige Funktionen unserer Internetseite k\u00f6nnen ohne den Einsatz von Cookies nicht angeboten werden. F\u00fcr diese ist es erforderlich, dass der Browser auch nach einem Seitenwechsel wiedererkannt wird.<\/p><p>In diesem Zweck liegt auch unser berechtigtes Interesse in der Verarbeitung der personenbezogenen Daten nach Art.\u00a06 Abs.\u00a01 lit.\u00a0f DSGVO.<\/p><p><b>Dauer der Speicherung, Widerspruchs- und Beseitigungsm\u00f6glichkeit<\/b><\/p><p>Cookies werden auf dem Rechner des Nutzers gespeichert und von diesem an unserer Seite \u00fcbermittelt. Daher haben Sie als Nutzer auch die volle Kontrolle \u00fcber die Verwendung von Cookies. Durch eine \u00c4nderung der Einstellungen in Ihrem Internetbrowser k\u00f6nnen Sie die \u00dcbertragung von Cookies deaktivieren oder einschr\u00e4nken. Bereits gespeicherte Cookies k\u00f6nnen jederzeit gel\u00f6scht werden. Dies kann auch automatisiert erfolgen. Werden Cookies f\u00fcr unsere Website deaktiviert, k\u00f6nnen m\u00f6glicherweise nicht mehr alle Funktionen der Website vollumf\u00e4nglich genutzt werden.<\/p>\t\t\t\t\t\t\t\t<\/div>\n\t\t\t\t<\/div>\n\t\t\t\t<\/div>\n\t\t\t\t<\/div>\n\t\t<div class=\"elementor-element elementor-element-58f9146 e-con-full e-flex e-con e-child\" data-id=\"58f9146\" data-element_type=\"container\">\n\t\t\t\t<div class=\"elementor-element elementor-element-07c5f21 elementor-widget elementor-widget-heading\" data-id=\"07c5f21\" data-element_type=\"widget\" data-widget_type=\"heading.default\">\n\t\t\t\t<div class=\"elementor-widget-container\">\n\t\t\t\t\t<p class=\"elementor-heading-title elementor-size-default\">Rechte der betroffenen Person<\/p>\t\t\t\t<\/div>\n\t\t\t\t<\/div>\n\t\t<div class=\"elementor-element elementor-element-7b921ad e-con-full e-flex e-con e-child\" data-id=\"7b921ad\" data-element_type=\"container\">\n\t\t\t\t<div class=\"elementor-element elementor-element-6e3f7f1 elementor-widget elementor-widget-text-editor\" data-id=\"6e3f7f1\" data-element_type=\"widget\" data-widget_type=\"text-editor.default\">\n\t\t\t\t<div class=\"elementor-widget-container\">\n\t\t\t\t\t\t\t\t\t<p>Sie haben das Recht auf Auskunft \u00fcber die Sie betreffenden personenbezogenen Daten (Art. 15 DSGVO), ein Recht auf Berichtigung (Art. 16 DSGVO), L\u00f6schung (Art. 17 DSGVO), auf Einschr\u00e4nkung der Verarbeitung (Art. 18 DSGVO) und auf Daten\u00fcbertragbarkeit (Art. 20 DSGVO) sowie ein Widerspruchsrecht gegen die Verarbeitung (Art. 21 DSGVO), soweit diese Rechte nach den genannten Bestimmungen im jeweiligen Einzelfall bestehen. Sie k\u00f6nnen diese Rechte bei uns jederzeit geltend machen (siehe Kontaktdaten oben). Weiters haben Sie ein Recht auf Beschwerde bei einer Aufsichtsbeh\u00f6rde; in Liechtenstein ist das die Datenschutzbeh\u00f6rde (https:\/\/dss.llv.li).<\/p>\t\t\t\t\t\t\t\t<\/div>\n\t\t\t\t<\/div>\n\t\t\t\t<\/div>\n\t\t\t\t<\/div>\n\t\t\t\t\t<\/div>\n\t\t\t\t<\/div>\n\t\t\t\t<\/div>\n\t\t","protected":false},"excerpt":{"rendered":"<p>Datenschutz Datenschutzerkl\u00e4rung Die\u00a0Drei IT AG\u00a0(3it) ist den Prinzipien des Schutzes personenbezogener Daten und der Datenminimierung verpflichtet (DSGVO). 3it nutzt keine Dienste zur Analyse des Verhaltens von NutzerInnen, die diese Website aufrufen (z.B. Google Analytics). Es sind keine so genannten &#8222;Social Media Plugins&#8220; wie Like-Buttons, Share-Buttons etc. in die Website von 3it eingebunden und diese stellt [&hellip;]<\/p>\n","protected":false},"author":1,"featured_media":0,"parent":0,"menu_order":0,"comment_status":"closed","ping_status":"closed","template":"elementor_canvas","meta":{"footnotes":""},"class_list":["post-2039","page","type-page","status-publish","hentry"],"_links":{"self":[{"href":"https:\/\/www.3it.li\/index.php?rest_route=\/wp\/v2\/pages\/2039","targetHints":{"allow":["GET"]}}],"collection":[{"href":"https:\/\/www.3it.li\/index.php?rest_route=\/wp\/v2\/pages"}],"about":[{"href":"https:\/\/www.3it.li\/index.php?rest_route=\/wp\/v2\/types\/page"}],"author":[{"embeddable":true,"href":"https:\/\/www.3it.li\/index.php?rest_route=\/wp\/v2\/users\/1"}],"replies":[{"embeddable":true,"href":"https:\/\/www.3it.li\/index.php?rest_route=%2Fwp%2Fv2%2Fcomments&post=2039"}],"version-history":[{"count":13,"href":"https:\/\/www.3it.li\/index.php?rest_route=\/wp\/v2\/pages\/2039\/revisions"}],"predecessor-version":[{"id":3068,"href":"https:\/\/www.3it.li\/index.php?rest_route=\/wp\/v2\/pages\/2039\/revisions\/3068"}],"wp:attachment":[{"href":"https:\/\/www.3it.li\/index.php?rest_route=%2Fwp%2Fv2%2Fmedia&parent=2039"}],"curies":[{"name":"wp","href":"https:\/\/api.w.org\/{rel}","templated":true}]}}