{"id":1991,"date":"2024-07-23T16:33:38","date_gmt":"2024-07-23T14:33:38","guid":{"rendered":"http:\/\/10.0.9.252:9000\/?page_id=1991"},"modified":"2024-10-18T18:43:30","modified_gmt":"2024-10-18T16:43:30","slug":"impressum","status":"publish","type":"page","link":"https:\/\/www.3it.li\/?page_id=1991","title":{"rendered":"Impressum"},"content":{"rendered":"\t\t<div data-elementor-type=\"wp-page\" data-elementor-id=\"1991\" class=\"elementor elementor-1991\">\n\t\t\t\t<div class=\"elementor-element elementor-element-ee84328 e-flex e-con-boxed e-con e-parent\" data-id=\"ee84328\" data-element_type=\"container\">\n\t\t\t\t\t<div class=\"e-con-inner\">\n\t\t<div class=\"elementor-element elementor-element-1506e17 e-con-full e-flex e-con e-child\" data-id=\"1506e17\" data-element_type=\"container\">\n\t\t\t\t<div class=\"elementor-element elementor-element-7d07bf7 elementor-widget elementor-widget-image\" data-id=\"7d07bf7\" data-element_type=\"widget\" data-widget_type=\"image.default\">\n\t\t\t\t<div class=\"elementor-widget-container\">\n\t\t\t\t\t\t\t\t\t\t\t\t\t\t\t<img fetchpriority=\"high\" decoding=\"async\" width=\"247\" height=\"260\" src=\"https:\/\/www.3it.li\/wp-content\/uploads\/Logo-247x260-1.png\" class=\"attachment-full size-full wp-image-2549\" alt=\"\" \/>\t\t\t\t\t\t\t\t\t\t\t\t\t\t\t<\/div>\n\t\t\t\t<\/div>\n\t\t\t\t<\/div>\n\t\t<div class=\"elementor-element elementor-element-10873e0 e-con-full e-flex e-con e-child\" data-id=\"10873e0\" data-element_type=\"container\">\n\t\t\t\t<div class=\"elementor-element elementor-element-e55c2f3 elementor-widget elementor-widget-heading\" data-id=\"e55c2f3\" data-element_type=\"widget\" data-widget_type=\"heading.default\">\n\t\t\t\t<div class=\"elementor-widget-container\">\n\t\t\t\t\t<h2 class=\"elementor-heading-title elementor-size-default\">Impressum<\/h2>\t\t\t\t<\/div>\n\t\t\t\t<\/div>\n\t\t\t\t<div class=\"elementor-element elementor-element-ef4e872 elementor-widget elementor-widget-heading\" data-id=\"ef4e872\" data-element_type=\"widget\" data-widget_type=\"heading.default\">\n\t\t\t\t<div class=\"elementor-widget-container\">\n\t\t\t\t\t<h2 class=\"elementor-heading-title elementor-size-default\">Drei IT AG<\/h2>\t\t\t\t<\/div>\n\t\t\t\t<\/div>\n\t\t<div class=\"elementor-element elementor-element-60e74d7 e-con-full e-flex e-con e-child\" data-id=\"60e74d7\" data-element_type=\"container\">\n\t\t\t\t<div class=\"elementor-element elementor-element-9bc3b0f elementor-widget__width-initial elementor-widget elementor-widget-text-editor\" data-id=\"9bc3b0f\" data-element_type=\"widget\" data-widget_type=\"text-editor.default\">\n\t\t\t\t<div class=\"elementor-widget-container\">\n\t\t\t\t\t\t\t\t\t<p>Drei IT AG<br \/>Gewerbeweg 15<br \/>9490 Vaduz<br \/>Liechtenstein<\/p><p>\u00a0<\/p><p>T +423 230 23 33<br \/>info@3it.li<\/p><p>UID: CHE-489.814.153<br \/>MwSt-Nr: 57 644<\/p><p>Gesch\u00e4ftsleitung:<\/p><p>Tobias Schmidlechner<\/p>\t\t\t\t\t\t\t\t<\/div>\n\t\t\t\t<\/div>\n\t\t\t\t<div class=\"elementor-element elementor-element-2fc832b elementor-widget elementor-widget-spacer\" data-id=\"2fc832b\" data-element_type=\"widget\" data-widget_type=\"spacer.default\">\n\t\t\t\t<div class=\"elementor-widget-container\">\n\t\t\t\t\t\t\t<div class=\"elementor-spacer\">\n\t\t\t<div class=\"elementor-spacer-inner\"><\/div>\n\t\t<\/div>\n\t\t\t\t\t\t<\/div>\n\t\t\t\t<\/div>\n\t\t\t\t<div class=\"elementor-element elementor-element-90d0bfc elementor-widget elementor-widget-text-editor\" data-id=\"90d0bfc\" data-element_type=\"widget\" data-widget_type=\"text-editor.default\">\n\t\t\t\t<div class=\"elementor-widget-container\">\n\t\t\t\t\t\t\t\t\t<p>Kontoinformation CHF:<br \/>LLB Vaduz<br \/>Konto: 231.241.42<br \/>IBAN: LI42 0880 0000 0231 2414 2<br \/>BIC: LILALI2X<\/p><p>\u00a0<\/p><p>Kontoinformation EUR:<br \/>LLB Vaduz Konto: 230.980.76<br \/>IBAN: LI89 0880 0000 0230 9807 6<br \/>BIC: LILALI2X<\/p>\t\t\t\t\t\t\t\t<\/div>\n\t\t\t\t<\/div>\n\t\t\t\t<\/div>\n\t\t\t\t<\/div>\n\t\t<div class=\"elementor-element elementor-element-493442f e-con-full e-flex e-con e-child\" data-id=\"493442f\" data-element_type=\"container\">\n\t\t\t\t<div class=\"elementor-element elementor-element-ee7b12b elementor-widget elementor-widget-heading\" data-id=\"ee7b12b\" data-element_type=\"widget\" data-widget_type=\"heading.default\">\n\t\t\t\t<div class=\"elementor-widget-container\">\n\t\t\t\t\t<p class=\"elementor-heading-title elementor-size-default\">Rechtliche Hinweise<\/p>\t\t\t\t<\/div>\n\t\t\t\t<\/div>\n\t\t<div class=\"elementor-element elementor-element-4569089 e-con-full e-flex e-con e-child\" data-id=\"4569089\" data-element_type=\"container\">\n\t\t\t\t<div class=\"elementor-element elementor-element-20e3165 elementor-widget elementor-widget-text-editor\" data-id=\"20e3165\" data-element_type=\"widget\" data-widget_type=\"text-editor.default\">\n\t\t\t\t<div class=\"elementor-widget-container\">\n\t\t\t\t\t\t\t\t\t<p>Trotz sorgf\u00e4ltiger inhaltlicher Kontrolle \u00fcbernimmt die Drei IT AG keine Haftung f\u00fcr die Inhalte externer Links. Drei IT AG \u00fcbernimmt ferner keine Verantwortung f\u00fcr Inhalte auf Websites von deren Partnern und teilnehmenden Betrieben, auf die mittels Links verwiesen wird. F\u00fcr den Inhalt der verlinkten Seiten sind ausschlie\u00dflich deren Betreiber verantwortlich.<br \/><br \/>Der Inhalt dieser Website ist urheberrechtlich gesch\u00fctzt. S\u00e4mtliche Inhalte, Texte, Grafiken und Fotos sind Eigentum von Drei IT AG, alle Rechte vorbehalten. Bestimmte Inhalte k\u00f6nnen weiters auch den Urheberrechts- und Nutzungsbedingungen von Partnern oder Lieferanten unterliegen.<br \/><br \/>Die Bereitstellung von Inhalten und Bildmaterial dieser Website auf anderen Websites ist nur mit ausdr\u00fccklicher Genehmigung von Drei IT AG gestattet. Die auf dieser Website enthaltenen Angaben werden nach bestem Wissen erstellt und mit gro\u00dfer Sorgfalt auf ihre Richtigkeit \u00fcberpr\u00fcft. Trotzdem sind inhaltliche und sachliche Fehler nicht vollst\u00e4ndig auszuschlie\u00dfen. Drei IT AG \u00fcbernimmt keinerlei Garantie und Haftung f\u00fcr die Richtigkeit, Aktualit\u00e4t und Vollst\u00e4ndigkeit der bereitgestellten Informationen. Alle Angaben sind ohne Gew\u00e4hr. Dies gilt auch f\u00fcr alle Links zu anderen URLs, die auf dieser Website genannt werden.<\/p>\t\t\t\t\t\t\t\t<\/div>\n\t\t\t\t<\/div>\n\t\t\t\t<\/div>\n\t\t\t\t<\/div>\n\t\t<div class=\"elementor-element elementor-element-09384f7 e-con-full e-flex e-con e-child\" data-id=\"09384f7\" data-element_type=\"container\">\n\t\t\t\t<div class=\"elementor-element elementor-element-c37a727 elementor-widget elementor-widget-heading\" data-id=\"c37a727\" data-element_type=\"widget\" data-widget_type=\"heading.default\">\n\t\t\t\t<div class=\"elementor-widget-container\">\n\t\t\t\t\t<p class=\"elementor-heading-title elementor-size-default\">Hinweise zur Herkunft der Bilder auf der Webseite<\/p>\t\t\t\t<\/div>\n\t\t\t\t<\/div>\n\t\t<div class=\"elementor-element elementor-element-70b0e53 e-con-full e-flex e-con e-child\" data-id=\"70b0e53\" data-element_type=\"container\">\n\t\t\t\t<div class=\"elementor-element elementor-element-4e99e50 elementor-widget elementor-widget-text-editor\" data-id=\"4e99e50\" data-element_type=\"widget\" data-widget_type=\"text-editor.default\">\n\t\t\t\t<div class=\"elementor-widget-container\">\n\t\t\t\t\t\t\t\t\t<p>Einige Bilder auf diese Webseite stammen von der Online Plattform Freepik. Im Sinne der Lizenzbestimmungen publizieren wir hier die Herkunft dieser Bilder und deren Autoren.<\/p><p>Freepik Company, S.L.U, Calle Molina Lario 13, 5th Floor, 29015 M\u00e1laga, Spain<\/p><p>http:\/\/www.freepik.com<\/p><p>Autoren:<\/p><p>Designed by slidesgo<\/p><p>Designed by kjpargeter<\/p><p>Designed by freepik<\/p><p>Designed by storyset<\/p>\t\t\t\t\t\t\t\t<\/div>\n\t\t\t\t<\/div>\n\t\t\t\t<\/div>\n\t\t\t\t<\/div>\n\t\t\t\t\t<\/div>\n\t\t\t\t<\/div>\n\t\t\t\t<\/div>\n\t\t","protected":false},"excerpt":{"rendered":"<p>Impressum Drei IT AG Drei IT AGGewerbeweg 159490 VaduzLiechtenstein \u00a0 T +423 230 23 33info@3it.li UID: CHE-489.814.153MwSt-Nr: 57 644 Gesch\u00e4ftsleitung: Tobias Schmidlechner Kontoinformation CHF:LLB VaduzKonto: 231.241.42IBAN: LI42 0880 0000 0231 2414 2BIC: LILALI2X \u00a0 Kontoinformation EUR:LLB Vaduz Konto: 230.980.76IBAN: LI89 0880 0000 0230 9807 6BIC: LILALI2X Rechtliche Hinweise Trotz sorgf\u00e4ltiger inhaltlicher Kontrolle \u00fcbernimmt die Drei [&hellip;]<\/p>\n","protected":false},"author":1,"featured_media":0,"parent":0,"menu_order":0,"comment_status":"closed","ping_status":"closed","template":"elementor_canvas","meta":{"footnotes":""},"class_list":["post-1991","page","type-page","status-publish","hentry"],"_links":{"self":[{"href":"https:\/\/www.3it.li\/index.php?rest_route=\/wp\/v2\/pages\/1991","targetHints":{"allow":["GET"]}}],"collection":[{"href":"https:\/\/www.3it.li\/index.php?rest_route=\/wp\/v2\/pages"}],"about":[{"href":"https:\/\/www.3it.li\/index.php?rest_route=\/wp\/v2\/types\/page"}],"author":[{"embeddable":true,"href":"https:\/\/www.3it.li\/index.php?rest_route=\/wp\/v2\/users\/1"}],"replies":[{"embeddable":true,"href":"https:\/\/www.3it.li\/index.php?rest_route=%2Fwp%2Fv2%2Fcomments&post=1991"}],"version-history":[{"count":49,"href":"https:\/\/www.3it.li\/index.php?rest_route=\/wp\/v2\/pages\/1991\/revisions"}],"predecessor-version":[{"id":3071,"href":"https:\/\/www.3it.li\/index.php?rest_route=\/wp\/v2\/pages\/1991\/revisions\/3071"}],"wp:attachment":[{"href":"https:\/\/www.3it.li\/index.php?rest_route=%2Fwp%2Fv2%2Fmedia&parent=1991"}],"curies":[{"name":"wp","href":"https:\/\/api.w.org\/{rel}","templated":true}]}}